{"id":68,"date":"2013-02-19T11:54:28","date_gmt":"2013-02-19T09:54:28","guid":{"rendered":"http:\/\/www.schulha.de\/w\/?page_id=68"},"modified":"2024-02-17T12:10:40","modified_gmt":"2024-02-17T10:10:40","slug":"impressum","status":"publish","type":"page","link":"https:\/\/www.schulha.de\/w\/impressum\/","title":{"rendered":"Impressum"},"content":{"rendered":"<h1>Impressum<\/h1>\n<p>Angaben gem\u00e4\u00df \u00a7 5 TMG:<\/p>\n<p>Martin Schuler<br \/>\nHandelsvertretung<br \/>\nDietrichstr. 16<\/p>\n<p>D 59320 Ennigerloh<\/p>\n<h2>Kontakt:<\/h2>\n<table>\n<tbody>\n<tr>\n<td>Telefon:<\/td>\n<td>+49 (0)151 &#8211; 15 0384 15<\/td>\n<\/tr>\n<tr>\n<td><\/td>\n<td><\/td>\n<\/tr>\n<tr>\n<td>E-Mail:<\/td>\n<td><span id=\"enkoder_0_1376470970\">email hidden; JavaScript is required<\/span><script type=\"text\/javascript\">\n\/* <!-- *\/\nfunction hivelogic_enkoder_0_1376470970() {\nvar kode=\"kode=\\\"110 114 103 104 64 37 110 98 114 98 103 98 104 98 64 98 95 37 98 114 98 110 98 104 98 103 98 95 95 98 95 37 98 64 98 98 98 110 98 98 98 114 98 98 98 103 98 98 98 104 98 98 98 64 98 95 95 98 95 37 98 95 95 98 95 95 98 103 98 98 98 98 98 98 98 114 98 98 98 98 98 98 98 102 98 98 98 98 98 98 98 120 98 98 98 98 98 98 98 112 98 98 98 98 98 98 98 104 98 98 98 98 98 98 98 113 98 98 98 98 98 98 98 119 98 98 98 98 98 98 98 49 98 98 98 98 98 98 98 122 98 98 98 98 98 98 98 117 98 98 98 98 98 98 98 108 98 98 98 98 98 98 98 119 98 98 98 98 98 98 98 104 98 98 98 98 98 98 98 43 98 98 98 98 98 98 98 95 95 98 95 95 98 98 98 98 98 95 95 98 95 95 98 95 95 98 95 37 98 95 95 98 95 95 98 98 98 98 98 95 95 98 95 95 98 98 98 98 98 95 95 98 95 95 98 95 95 98 95 95 98 95 95 98 95 95 98 98 98 98 98 63 98 98 98 98 98 98 98 100 98 98 98 98 98 98 98 35 98 98 98 98 98 98 98 107 98 98 98 98 98 98 98 117 98 98 98 98 98 98 98 104 98 98 98 98 98 98 98 105 98 98 98 98 98 98 98 64 98 98 98 98 98 98 98 95 95 98 95 95 98 98 98 98 98 95 95 98 95 95 98 95 95 98 95 95 98 95 95 98 95 95 98 98 98 98 98 95 95 98 95 95 98 98 98 98 98 95 95 98 95 95 98 95 95 98 95 37 98 95 95 98 95 95 98 98 98 98 98 112 98 98 98 98 98 98 98 100 98 98 98 98 98 98 98 108 98 98 98 98 98 98 98 111 98 98 98 98 98 98 98 119 98 98 98 98 98 98 98 114 98 98 98 98 98 98 98 61 98 98 98 98 98 98 98 108 98 98 98 98 98 98 98 113 98 98 98 98 98 98 98 105 98 98 98 98 98 98 98 114 98 98 98 98 98 98 98 127 98 98 98 127 98 98 98 118 98 98 98 98 98 98 98 102 98 98 98 98 98 98 98 107 98 98 98 98 98 98 98 120 98 98 98 98 98 98 98 111 98 98 98 98 98 98 98 107 98 98 98 98 98 98 98 100 98 98 98 98 98 98 98 49 98 98 98 98 98 98 98 103 98 98 98 98 98 98 98 104 98 98 98 98 98 98 98 95 95 98 95 95 98 98 98 98 98 95 95 98 95 95 98 95 95 98 95 95 98 95 95 98 95 95 98 98 98 98 98 95 95 98 95 95 98 98 98 98 98 95 95 98 95 95 98 95 95 98 95 37 98 95 95 98 95 95 98 98 98 98 98 95 95 98 95 95 98 98 98 98 98 95 95 98 95 95 98 95 95 98 95 95 98 95 95 98 95 95 98 98 98 98 98 65 98 98 98 98 98 98 98 108 98 98 98 98 98 98 98 113 98 98 98 98 98 98 98 105 98 98 98 98 98 98 98 114 98 98 98 98 98 98 98 127 98 98 98 127 98 98 98 118 98 98 98 98 98 98 98 102 98 98 98 98 98 98 98 107 98 98 98 98 98 98 98 120 98 98 98 98 98 98 98 111 98 98 98 98 98 98 98 107 98 98 98 98 98 98 98 100 98 98 98 98 98 98 98 49 98 98 98 98 98 98 98 103 98 98 98 98 98 98 98 104 98 98 98 98 98 98 98 95 95 98 95 95 98 98 98 98 98 95 95 98 95 95 98 95 95 98 95 95 98 95 95 98 95 95 98 98 98 98 98 63 98 98 98 98 98 98 98 50 98 98 98 98 98 98 98 100 98 98 98 98 98 98 98 95 95 98 95 95 98 98 98 98 98 95 95 98 95 95 98 95 95 98 95 95 98 95 95 98 95 95 98 98 98 98 98 65 98 98 98 98 98 98 98 95 95 98 95 95 98 98 98 98 98 95 95 98 95 95 98 95 95 98 95 37 98 95 95 98 95 95 98 98 98 98 98 44 98 98 98 98 98 98 98 62 98 98 98 98 98 98 98 95 95 98 95 95 98 98 98 98 98 95 95 98 95 37 98 98 98 62 98 98 98 123 98 98 98 64 98 95 95 98 95 42 98 95 95 98 95 95 98 95 95 98 95 95 98 98 98 98 98 95 95 98 95 42 98 98 98 62 98 98 98 105 98 98 98 114 98 98 98 117 98 98 98 43 98 98 98 108 98 98 98 64 98 98 98 51 98 98 98 62 98 98 98 108 98 98 98 63 98 98 98 110 98 98 98 114 98 98 98 103 98 98 98 104 98 98 98 49 98 98 98 111 98 98 98 104 98 98 98 113 98 98 98 106 98 98 98 119 98 98 98 107 98 98 98 62 98 98 98 108 98 98 98 46 98 98 98 64 98 98 98 53 98 98 98 44 98 98 98 126 98 98 98 108 98 98 98 105 98 98 98 43 98 98 98 110 98 98 98 114 98 98 98 103 98 98 98 104 98 98 98 49 98 98 98 102 98 98 98 107 98 98 98 100 98 98 98 117 98 98 98 68 98 98 98 119 98 98 98 43 98 98 98 108 98 98 98 44 98 98 98 64 98 98 98 64 98 95 95 98 95 42 98 95 95 98 95 95 98 127 98 98 98 95 95 98 95 95 98 98 98 98 98 95 95 98 95 42 98 98 98 41 98 98 98 41 98 98 98 110 98 98 98 114 98 98 98 103 98 98 98 104 98 98 98 49 98 98 98 102 98 98 98 107 98 98 98 100 98 98 98 117 98 98 98 68 98 98 98 119 98 98 98 43 98 98 98 108 98 98 98 46 98 98 98 52 98 98 98 44 98 98 98 64 98 98 98 64 98 95 95 98 95 42 98 95 95 98 95 95 98 127 98 98 98 95 95 98 95 95 98 98 98 98 98 95 95 98 95 42 98 98 98 44 98 98 98 126 98 98 98 123 98 98 98 46 98 98 98 64 98 95 95 98 95 42 98 95 95 98 95 95 98 127 98 98 98 95 95 98 95 95 98 127 98 98 98 95 95 98 95 42 98 98 98 128 98 98 98 104 98 98 98 111 98 98 98 118 98 98 98 104 98 98 98 126 98 98 98 123 98 98 98 46 98 98 98 64 98 98 98 110 98 98 98 114 98 98 98 103 98 98 98 104 98 98 98 49 98 98 98 102 98 98 98 107 98 98 98 100 98 98 98 117 98 98 98 68 98 98 98 119 98 98 98 43 98 98 98 108 98 98 98 44 98 98 98 128 98 98 98 128 98 98 98 110 98 98 98 114 98 98 98 103 98 98 98 104 98 98 98 64 98 98 98 123 98 98 98 62 98 62 98 95 95 98 95 37 98 64 98 123 98 95 95 98 95 42 98 95 95 98 95 42 98 105 98 62 98 117 98 114 98 108 98 43 98 51 98 64 98 108 98 62 98 110 98 63 98 103 98 114 98 49 98 104 98 104 98 111 98 106 98 113 98 107 98 119 98 108 98 62 98 64 98 46 98 44 98 53 98 108 98 126 98 43 98 105 98 114 98 110 98 104 98 103 98 102 98 49 98 100 98 107 98 68 98 117 98 43 98 119 98 44 98 108 98 64 98 64 98 127 98 95 95 98 95 42 98 41 98 95 95 98 95 42 98 110 98 41 98 103 98 114 98 49 98 104 98 107 98 102 98 117 98 100 98 119 98 68 98 108 98 43 98 52 98 46 98 64 98 44 98 95 95 98 95 42 98 64 98 95 95 98 95 42 98 127 98 126 98 44 98 46 98 123 98 95 95 98 95 42 98 64 98 95 95 98 95 42 98 127 127 104 98 128 98 118 98 111 98 126 98 104 98 46 98 123 98 110 98 64 98 103 98 114 98 49 98 104 98 107 98 102 98 117 98 100 98 119 98 68 98 108 98 43 98 128 98 44 98 110 98 128 98 103 98 114 98 64 98 104 98 62 98 123 98 95 37 98 62 98 123 98 64 98 95 42 98 95 42 98 62 98 105 98 114 98 117 98 43 98 108 98 64 98 51 98 62 98 108 98 63 98 43 98 110 98 114 98 103 98 104 98 49 98 111 98 104 98 113 98 106 98 119 98 107 98 48 98 52 98 44 98 62 98 108 98 46 98 64 98 53 98 44 98 126 98 123 98 46 98 64 98 110 98 114 98 103 98 104 98 49 98 102 98 107 98 100 98 117 98 68 98 119 98 43 98 108 98 46 98 52 98 44 98 46 98 110 98 114 98 103 98 104 98 49 98 102 98 107 98 100 98 117 98 68 98 119 98 43 98 108 98 44 98 128 98 110 98 114 98 103 98 104 98 64 98 123 98 46 98 43 98 108 98 63 98 110 98 114 98 103 98 104 98 49 98 111 98 104 98 113 98 106 98 119 98 107 98 66 98 110 98 114 98 103 98 104 98 49 98 102 98 107 98 100 98 117 98 68 98 119 98 43 98 110 98 114 98 103 98 104 98 49 98 111 98 104 98 113 98 106 98 119 98 107 98 48 98 52 98 44 98 61 98 95 42 98 95 42 98 44 98 62 98 37 62 123 64 42 42 62 105 114 117 43 108 64 51 62 108 63 110 114 103 104 49 111 104 113 106 119 107 62 108 46 64 53 44 126 108 105 43 110 114 103 104 49 102 107 100 117 68 119 43 108 44 64 64 42 127 42 41 41 110 114 103 104 49 102 107 100 117 68 119 43 108 46 52 44 64 64 42 127 42 44 126 123 46 64 42 67 42 128 104 111 118 104 126 123 46 64 110 114 103 104 49 102 107 100 117 68 119 43 108 44 128 128 110 114 103 104 64 123 62\\\";kode=kode.split(\\' \\');x=\\'\\';for(i=0;i<kode.length;i++){x+=String.fromCharCode(parseInt(kode[i]-3))}kode=x;\";var i,c,x;while(eval(kode));\n}\nhivelogic_enkoder_0_1376470970();\nvar span = document.getElementById('enkoder_0_1376470970');\nspan.parentNode.removeChild(span);\n\/* --> *\/\n<\/script><\/td>\n<\/tr>\n<\/tbody>\n<\/table>\n<h2>Umsatzsteuer-ID:<\/h2>\n<p>Umsatzsteuer-Identifikationsnummer gem\u00e4\u00df \u00a727 a Umsatzsteuergesetz:<\/p>\n<p>DE 261257514<\/p>\n<p>Steuer-Nummer 346\/5082\/2341<\/p>\n<p>beim Finanzamt Warendorf\/NRW<\/p>\n<h2><\/h2>\n<p>Quelle: <i><a href=\"http:\/\/www.e-recht24.de\">eRecht24<\/a>, Rechtsanwalt f\u00fcr Internetrecht S\u00f6ren Siebert<\/i><\/p>\n<h2>Streitschlichtung<\/h2>\n<p>Die Europ\u00e4ische Kommission stellt eine Plattform zur Online-\u00a0Streitbeilegung (OS) bereit: <a href=\"https:\/\/ec.europa.eu\/consumers\/odr\" target=\"_blank\" rel=\"noopener\">https:\/\/ec.europa.eu\/consumers\/odr\u00a0<\/a><br \/>\nUnsere E-Mail-Adresse finden Sie oben im\u00a0Impressum.<\/p>\n<p>Wir sind nicht bereit oder verpflichtet, an Streitbeilegungsverfahren vor einer Verbraucherschlichtungsstelle teilzunehmen.<\/p>\n<h2>Haftungsausschluss:<\/h2>\n<p><strong>Haftung f\u00fcr Inhalte<\/strong><\/p>\n<p>Die Inhalte unserer Seiten wurden mit gr\u00f6\u00dfter Sorgfalt erstellt. F\u00fcr die Richtigkeit, Vollst\u00e4ndigkeit und Aktualit\u00e4t der Inhalte k\u00f6nnen wir jedoch keine Gew\u00e4hr \u00fcbernehmen. Als Diensteanbieter sind wir gem\u00e4\u00df \u00a7 7 Abs.1 TMG f\u00fcr eigene Inhalte auf diesen Seiten nach den allgemeinen Gesetzen verantwortlich. Nach \u00a7\u00a7 8 bis 10 TMG sind wir als Diensteanbieter jedoch nicht verpflichtet, \u00fcbermittelte oder gespeicherte fremde Informationen zu \u00fcberwachen oder nach Umst\u00e4nden zu forschen, die auf eine rechtswidrige T\u00e4tigkeit hinweisen. Verpflichtungen zur Entfernung oder Sperrung der Nutzung von Informationen nach den allgemeinen Gesetzen bleiben hiervon unber\u00fchrt. Eine diesbez\u00fcgliche Haftung ist jedoch erst ab dem Zeitpunkt der Kenntnis einer konkreten Rechtsverletzung m\u00f6glich. Bei Bekanntwerden von entsprechenden Rechtsverletzungen werden wir diese Inhalte umgehend entfernen.<\/p>\n<p><strong>Haftung f\u00fcr Links<\/strong><\/p>\n<p>Unser Angebot enth\u00e4lt Links zu externen Webseiten Dritter, auf deren Inhalte wir keinen Einfluss haben. Deshalb k\u00f6nnen wir f\u00fcr diese fremden Inhalte auch keine Gew\u00e4hr \u00fcbernehmen. F\u00fcr die Inhalte der verlinkten Seiten ist stets der jeweilige Anbieter oder Betreiber der Seiten verantwortlich. Die verlinkten Seiten wurden zum Zeitpunkt der Verlinkung auf m\u00f6gliche Rechtsverst\u00f6\u00dfe \u00fcberpr\u00fcft. Rechtswidrige Inhalte waren zum Zeitpunkt der Verlinkung nicht erkennbar. Eine permanente inhaltliche Kontrolle der verlinkten Seiten ist jedoch ohne konkrete Anhaltspunkte einer Rechtsverletzung nicht zumutbar. Bei Bekanntwerden von Rechtsverletzungen werden wir derartige Links umgehend entfernen.<\/p>\n<p><strong>Urheberrecht<\/strong><\/p>\n<p>Die durch die Seitenbetreiber erstellten Inhalte und Werke auf diesen Seiten unterliegen dem deutschen Urheberrecht. Die Vervielf\u00e4ltigung, Bearbeitung, Verbreitung und jede Art der Verwertung au\u00dferhalb der Grenzen des Urheberrechtes bed\u00fcrfen der schriftlichen Zustimmung des jeweiligen Autors bzw. Erstellers. Downloads und Kopien dieser Seite sind nur f\u00fcr den privaten, nicht kommerziellen Gebrauch gestattet. Soweit die Inhalte auf dieser Seite nicht vom Betreiber erstellt wurden, werden die Urheberrechte Dritter beachtet. Insbesondere werden Inhalte Dritter als solche gekennzeichnet. Sollten Sie trotzdem auf eine Urheberrechtsverletzung aufmerksam werden, bitten wir um einen entsprechenden Hinweis. Bei Bekanntwerden von Rechtsverletzungen werden wir derartige Inhalte umgehend entfernen.<\/p>\n<p>&nbsp;<\/p>\n<h2>Technische Realisierung, Webdesign und Umsetzung:<\/h2>\n<p><strong>Webdesign Kaldewey<\/strong><\/p>\n<p>Malte Kaldewey<br \/>\nKastanienallee 48 A<br \/>\n59320 <a title=\"Schauenster Ennigerloh\" href=\"http:\/\/www.ennigerloh.info\" target=\"_blank\" rel=\"noopener\">Ennigerloh<\/a><\/p>\n<p>Telefon: +49 (0) 2524 \/ 928 165<br \/>\nFax: +49 (0) 2524 \/ 263 287 8<br \/>\nURL: <a title=\"Webdesign Kaldewey\" href=\"https:\/\/www.kaldewey-online..de\" target=\"_blank\" rel=\"noopener\">www.webdesign-kaldewey.de<\/a><\/p>\n","protected":false},"excerpt":{"rendered":"<p>Impressum Angaben gem\u00e4\u00df \u00a7 5 TMG: Martin Schuler Handelsvertretung Dietrichstr. 16 D 59320 Ennigerloh Kontakt: Telefon: +49 (0)151 &#8211; 15 0384 15 E-Mail: email hidden; JavaScript is required Umsatzsteuer-ID: Umsatzsteuer-Identifikationsnummer gem\u00e4\u00df \u00a727 a Umsatzsteuergesetz: DE 261257514 Steuer-Nummer 346\/5082\/2341 beim Finanzamt&#8230;<\/p>\n","protected":false},"author":1,"featured_media":0,"parent":0,"menu_order":0,"comment_status":"open","ping_status":"open","template":"","meta":{"footnotes":""},"_links":{"self":[{"href":"https:\/\/www.schulha.de\/w\/wp-json\/wp\/v2\/pages\/68"}],"collection":[{"href":"https:\/\/www.schulha.de\/w\/wp-json\/wp\/v2\/pages"}],"about":[{"href":"https:\/\/www.schulha.de\/w\/wp-json\/wp\/v2\/types\/page"}],"author":[{"embeddable":true,"href":"https:\/\/www.schulha.de\/w\/wp-json\/wp\/v2\/users\/1"}],"replies":[{"embeddable":true,"href":"https:\/\/www.schulha.de\/w\/wp-json\/wp\/v2\/comments?post=68"}],"version-history":[{"count":9,"href":"https:\/\/www.schulha.de\/w\/wp-json\/wp\/v2\/pages\/68\/revisions"}],"predecessor-version":[{"id":305,"href":"https:\/\/www.schulha.de\/w\/wp-json\/wp\/v2\/pages\/68\/revisions\/305"}],"wp:attachment":[{"href":"https:\/\/www.schulha.de\/w\/wp-json\/wp\/v2\/media?parent=68"}],"curies":[{"name":"wp","href":"https:\/\/api.w.org\/{rel}","templated":true}]}}